{"id":1402,"date":"2024-09-09T11:31:43","date_gmt":"2024-09-09T11:31:43","guid":{"rendered":"https:\/\/magnatgroup.lv\/tirdznieciba-un-pakalpojumi\/"},"modified":"2024-10-21T08:49:21","modified_gmt":"2024-10-21T08:49:21","slug":"tirdznieciba-un-pakalpojumi","status":"publish","type":"page","link":"https:\/\/magnatgroup.lv\/lv\/tirdznieciba-un-pakalpojumi\/","title":{"rendered":"Tirdzniec\u012bba un pakalpojumi"},"content":{"rendered":"\t\t<div data-elementor-type=\"wp-page\" data-elementor-id=\"1402\" class=\"elementor elementor-1402 elementor-148\" data-elementor-post-type=\"page\">\n\t\t\t\t<div class=\"elementor-element elementor-element-650cbca1 e-flex e-con-boxed e-con e-parent\" data-id=\"650cbca1\" data-element_type=\"container\" data-settings=\"{&quot;background_background&quot;:&quot;classic&quot;}\">\n\t\t\t\t\t<div class=\"e-con-inner\">\n\t\t<div class=\"elementor-element elementor-element-23a964b5 e-flex e-con-boxed e-con e-child\" data-id=\"23a964b5\" data-element_type=\"container\">\n\t\t\t\t\t<div class=\"e-con-inner\">\n\t\t\t\t<div class=\"elementor-element elementor-element-8aeb488 elementor-invisible elementor-widget elementor-widget-heading\" data-id=\"8aeb488\" data-element_type=\"widget\" data-settings=\"{&quot;_animation&quot;:&quot;fadeInUp&quot;}\" data-widget_type=\"heading.default\">\n\t\t\t\t<div class=\"elementor-widget-container\">\n\t\t\t<h1 class=\"elementor-heading-title elementor-size-default\">Tirdzniec\u012bba un pakalpojumi<\/h1>\t\t<\/div>\n\t\t\t\t<\/div>\n\t\t\t\t\t<\/div>\n\t\t\t\t<\/div>\n\t\t\t\t\t<\/div>\n\t\t\t\t<\/div>\n\t\t<div class=\"elementor-element elementor-element-21952bc e-flex e-con-boxed e-con e-parent\" data-id=\"21952bc\" data-element_type=\"container\" data-settings=\"{&quot;background_background&quot;:&quot;classic&quot;}\">\n\t\t\t\t\t<div class=\"e-con-inner\">\n\t\t<div class=\"elementor-element elementor-element-a3575ec e-con-full e-flex elementor-invisible e-con e-child\" data-id=\"a3575ec\" data-element_type=\"container\" data-settings=\"{&quot;animation&quot;:&quot;fadeInLeft&quot;}\">\n\t\t\t\t<div class=\"elementor-element elementor-element-9db8aa3 elementor-widget elementor-widget-image\" data-id=\"9db8aa3\" data-element_type=\"widget\" data-widget_type=\"image.default\">\n\t\t\t\t<div class=\"elementor-widget-container\">\n\t\t\t\t\t\t\t\t\t\t\t\t\t<img fetchpriority=\"high\" decoding=\"async\" width=\"800\" height=\"533\" src=\"https:\/\/magnatgroup.lv\/wp-content\/uploads\/2024\/09\/Port-Magnat-Daugavgrivas-web-size-97-1024x682.jpg\" class=\"attachment-large size-large wp-image-1106\" alt=\"\" srcset=\"https:\/\/magnatgroup.lv\/wp-content\/uploads\/2024\/09\/Port-Magnat-Daugavgrivas-web-size-97-1024x682.jpg 1024w, https:\/\/magnatgroup.lv\/wp-content\/uploads\/2024\/09\/Port-Magnat-Daugavgrivas-web-size-97-300x200.jpg 300w, https:\/\/magnatgroup.lv\/wp-content\/uploads\/2024\/09\/Port-Magnat-Daugavgrivas-web-size-97-768x512.jpg 768w, https:\/\/magnatgroup.lv\/wp-content\/uploads\/2024\/09\/Port-Magnat-Daugavgrivas-web-size-97-1536x1024.jpg 1536w, https:\/\/magnatgroup.lv\/wp-content\/uploads\/2024\/09\/Port-Magnat-Daugavgrivas-web-size-97.jpg 2000w\" sizes=\"(max-width: 800px) 100vw, 800px\" \/>\t\t\t\t\t\t\t\t\t\t\t\t\t<\/div>\n\t\t\t\t<\/div>\n\t\t\t\t<\/div>\n\t\t<div class=\"elementor-element elementor-element-b753d71 e-con-full e-flex elementor-invisible e-con e-child\" data-id=\"b753d71\" data-element_type=\"container\" data-settings=\"{&quot;animation&quot;:&quot;fadeInRight&quot;}\">\n\t\t\t\t<div class=\"elementor-element elementor-element-bef12d2 elementor-widget elementor-widget-heading\" data-id=\"bef12d2\" data-element_type=\"widget\" data-widget_type=\"heading.default\">\n\t\t\t\t<div class=\"elementor-widget-container\">\n\t\t\t<h2 class=\"elementor-heading-title elementor-size-default\">Mg Agro<\/h2>\t\t<\/div>\n\t\t\t\t<\/div>\n\t\t\t\t<div class=\"elementor-element elementor-element-fe1c93e elementor-widget elementor-widget-text-editor\" data-id=\"fe1c93e\" data-element_type=\"widget\" data-widget_type=\"text-editor.default\">\n\t\t\t\t<div class=\"elementor-widget-container\">\n\t\t\t\t\t\t\t<p><span style=\"font-weight: 400;\">MG Agro \u2013 uz\u0146\u0113mums, kas specializ\u0113jas kravu p\u0101rkrau\u0161anas un beramkravu fas\u0113\u0161anas pakalpojumu snieg\u0161an\u0101. M\u0113s pied\u0101v\u0101jam individu\u0101li piel\u0101gotus risin\u0101jumus \u0101rvalstu un viet\u0113jiem uz\u0146\u0113mumiem. Katra krava sav\u0101 veid\u0101 ir unik\u0101la, t\u0101p\u0113c m\u016bsu pieredz\u0113jus\u012b komanda nodro\u0161ina efekt\u012bvu un dro\u0161u kravu apstr\u0101di, iev\u0113rojot visus nepiecie\u0161am\u0101s kvalit\u0101tes un dro\u0161\u012bbas pras\u012bbas. <\/span><\/p>\t\t\t\t\t\t<\/div>\n\t\t\t\t<\/div>\n\t\t\t\t<div class=\"elementor-element elementor-element-007e840 elementor-widget elementor-widget-button\" data-id=\"007e840\" data-element_type=\"widget\" data-widget_type=\"button.default\">\n\t\t\t\t<div class=\"elementor-widget-container\">\n\t\t\t\t\t<div class=\"elementor-button-wrapper\">\n\t\t\t<a class=\"elementor-button elementor-button-link elementor-size-sm\" href=\"\/lv\/sazinieties-ar-mums\/\">\n\t\t\t\t\t\t<span class=\"elementor-button-content-wrapper\">\n\t\t\t\t\t\t\t\t\t<span class=\"elementor-button-text\">Sazinieties ar mums<\/span>\n\t\t\t\t\t<\/span>\n\t\t\t\t\t<\/a>\n\t\t<\/div>\n\t\t\t\t<\/div>\n\t\t\t\t<\/div>\n\t\t\t\t<\/div>\n\t\t\t\t\t<\/div>\n\t\t\t\t<\/div>\n\t\t<div class=\"elementor-element elementor-element-6e717aa e-flex e-con-boxed e-con e-parent\" data-id=\"6e717aa\" data-element_type=\"container\" data-settings=\"{&quot;background_background&quot;:&quot;classic&quot;}\">\n\t\t\t\t\t<div class=\"e-con-inner\">\n\t\t<div class=\"elementor-element elementor-element-eba4dc8 e-con-full e-flex elementor-invisible e-con e-child\" data-id=\"eba4dc8\" data-element_type=\"container\" data-settings=\"{&quot;animation&quot;:&quot;fadeInLeft&quot;}\">\n\t\t\t\t<div class=\"elementor-element elementor-element-e3f686c elementor-widget elementor-widget-heading\" data-id=\"e3f686c\" data-element_type=\"widget\" data-widget_type=\"heading.default\">\n\t\t\t\t<div class=\"elementor-widget-container\">\n\t\t\t<h2 class=\"elementor-heading-title elementor-size-default\">Mg Trade<\/h2>\t\t<\/div>\n\t\t\t\t<\/div>\n\t\t\t\t<div class=\"elementor-element elementor-element-973a0f3 elementor-widget elementor-widget-text-editor\" data-id=\"973a0f3\" data-element_type=\"widget\" data-widget_type=\"text-editor.default\">\n\t\t\t\t<div class=\"elementor-widget-container\">\n\t\t\t\t\t\t\t<p><span style=\"font-weight: 400;\">MG Trade &#8211; uz\u0146\u0113mums, kas specializ\u0113jas pla\u0161a spektra augstas kvalit\u0101tes lauksaimniec\u012bbas produktu tirdziec\u012bb\u0101. M\u0113s str\u0101d\u0101jam gan viet\u0113j\u0101, gan \u0101rvalstu tirg\u016b, ar saviem uzticamajiem klientiem veidojot ilgtermi\u0146a partner\u012bbas. Pied\u0101v\u0101jam augstas kvalit\u0101tes produktus un pakalpojumus, kas atbilst tie\u0161i m\u016bsu klientu vajadz\u012bb\u0101m. <\/span><\/p>\t\t\t\t\t\t<\/div>\n\t\t\t\t<\/div>\n\t\t\t\t<div class=\"elementor-element elementor-element-27b52b3 elementor-widget elementor-widget-button\" data-id=\"27b52b3\" data-element_type=\"widget\" data-widget_type=\"button.default\">\n\t\t\t\t<div class=\"elementor-widget-container\">\n\t\t\t\t\t<div class=\"elementor-button-wrapper\">\n\t\t\t<a class=\"elementor-button elementor-button-link elementor-size-sm\" href=\"https:\/\/mgtrade.lv\/kontakti\/\">\n\t\t\t\t\t\t<span class=\"elementor-button-content-wrapper\">\n\t\t\t\t\t\t\t\t\t<span class=\"elementor-button-text\">Sazinieties ar mums<\/span>\n\t\t\t\t\t<\/span>\n\t\t\t\t\t<\/a>\n\t\t<\/div>\n\t\t\t\t<\/div>\n\t\t\t\t<\/div>\n\t\t\t\t<\/div>\n\t\t<div class=\"elementor-element elementor-element-d2eeed4 e-con-full e-flex elementor-invisible e-con e-child\" data-id=\"d2eeed4\" data-element_type=\"container\" data-settings=\"{&quot;animation&quot;:&quot;fadeInRight&quot;}\">\n\t\t\t\t<div class=\"elementor-element elementor-element-8695798 elementor-widget elementor-widget-image\" data-id=\"8695798\" data-element_type=\"widget\" data-widget_type=\"image.default\">\n\t\t\t\t<div class=\"elementor-widget-container\">\n\t\t\t\t\t\t\t\t\t\t\t\t\t<img decoding=\"async\" width=\"2560\" height=\"1619\" src=\"https:\/\/magnatgroup.lv\/wp-content\/uploads\/2024\/09\/GRAIN-TRADE_iStock-1384550157-scaled.jpg\" class=\"attachment-full size-full wp-image-1058\" alt=\"\" srcset=\"https:\/\/magnatgroup.lv\/wp-content\/uploads\/2024\/09\/GRAIN-TRADE_iStock-1384550157-scaled.jpg 2560w, https:\/\/magnatgroup.lv\/wp-content\/uploads\/2024\/09\/GRAIN-TRADE_iStock-1384550157-300x190.jpg 300w, https:\/\/magnatgroup.lv\/wp-content\/uploads\/2024\/09\/GRAIN-TRADE_iStock-1384550157-1024x648.jpg 1024w, https:\/\/magnatgroup.lv\/wp-content\/uploads\/2024\/09\/GRAIN-TRADE_iStock-1384550157-768x486.jpg 768w, https:\/\/magnatgroup.lv\/wp-content\/uploads\/2024\/09\/GRAIN-TRADE_iStock-1384550157-1536x971.jpg 1536w, https:\/\/magnatgroup.lv\/wp-content\/uploads\/2024\/09\/GRAIN-TRADE_iStock-1384550157-2048x1295.jpg 2048w\" sizes=\"(max-width: 2560px) 100vw, 2560px\" \/>\t\t\t\t\t\t\t\t\t\t\t\t\t<\/div>\n\t\t\t\t<\/div>\n\t\t\t\t<\/div>\n\t\t\t\t\t<\/div>\n\t\t\t\t<\/div>\n\t\t<div class=\"elementor-element elementor-element-13b6944 e-flex e-con-boxed e-con e-parent\" data-id=\"13b6944\" data-element_type=\"container\" data-settings=\"{&quot;background_background&quot;:&quot;classic&quot;}\">\n\t\t\t\t\t<div class=\"e-con-inner\">\n\t\t<div class=\"elementor-element elementor-element-e50c988 e-con-full e-flex elementor-invisible e-con e-child\" data-id=\"e50c988\" data-element_type=\"container\" data-settings=\"{&quot;animation&quot;:&quot;fadeInLeft&quot;}\">\n\t\t\t\t<div class=\"elementor-element elementor-element-4476456 elementor-widget elementor-widget-image\" data-id=\"4476456\" data-element_type=\"widget\" data-widget_type=\"image.default\">\n\t\t\t\t<div class=\"elementor-widget-container\">\n\t\t\t\t\t\t\t\t\t\t\t\t\t<img decoding=\"async\" width=\"2560\" height=\"1709\" src=\"https:\/\/magnatgroup.lv\/wp-content\/uploads\/2024\/09\/conceptual-awareness-of-vegetarian-education-no-og-2023-11-27-05-15-28-utc-scaled.jpg\" class=\"attachment-full size-full wp-image-1104\" alt=\"\" srcset=\"https:\/\/magnatgroup.lv\/wp-content\/uploads\/2024\/09\/conceptual-awareness-of-vegetarian-education-no-og-2023-11-27-05-15-28-utc-scaled.jpg 2560w, https:\/\/magnatgroup.lv\/wp-content\/uploads\/2024\/09\/conceptual-awareness-of-vegetarian-education-no-og-2023-11-27-05-15-28-utc-300x200.jpg 300w, https:\/\/magnatgroup.lv\/wp-content\/uploads\/2024\/09\/conceptual-awareness-of-vegetarian-education-no-og-2023-11-27-05-15-28-utc-1024x684.jpg 1024w, https:\/\/magnatgroup.lv\/wp-content\/uploads\/2024\/09\/conceptual-awareness-of-vegetarian-education-no-og-2023-11-27-05-15-28-utc-768x513.jpg 768w, https:\/\/magnatgroup.lv\/wp-content\/uploads\/2024\/09\/conceptual-awareness-of-vegetarian-education-no-og-2023-11-27-05-15-28-utc-1536x1025.jpg 1536w, https:\/\/magnatgroup.lv\/wp-content\/uploads\/2024\/09\/conceptual-awareness-of-vegetarian-education-no-og-2023-11-27-05-15-28-utc-2048x1367.jpg 2048w\" sizes=\"(max-width: 2560px) 100vw, 2560px\" \/>\t\t\t\t\t\t\t\t\t\t\t\t\t<\/div>\n\t\t\t\t<\/div>\n\t\t\t\t<\/div>\n\t\t<div class=\"elementor-element elementor-element-a0ffb76 e-con-full e-flex elementor-invisible e-con e-child\" data-id=\"a0ffb76\" data-element_type=\"container\" data-settings=\"{&quot;animation&quot;:&quot;fadeInRight&quot;}\">\n\t\t\t\t<div class=\"elementor-element elementor-element-7c503ef elementor-widget elementor-widget-heading\" data-id=\"7c503ef\" data-element_type=\"widget\" data-widget_type=\"heading.default\">\n\t\t\t\t<div class=\"elementor-widget-container\">\n\t\t\t<h2 class=\"elementor-heading-title elementor-size-default\">Mg Trade Swiss<\/h2>\t\t<\/div>\n\t\t\t\t<\/div>\n\t\t\t\t<div class=\"elementor-element elementor-element-c29b713 elementor-widget elementor-widget-text-editor\" data-id=\"c29b713\" data-element_type=\"widget\" data-widget_type=\"text-editor.default\">\n\t\t\t\t<div class=\"elementor-widget-container\">\n\t\t\t\t\t\t\t<p><span style=\"font-weight: 400;\">MG Trade Swiss specializ\u0113j\u0101s kravu ieg\u0101d\u0113 un pieg\u0101d\u0113, nodro\u0161inot pla\u0161a spektra starptautisk\u0101s tirdzniec\u012bbas pakalpojumus. M\u0113s pied\u0101v\u0101jam visaptvero\u0161us risin\u0101jumus glob\u0101lai tirdzniec\u012bbai, efekt\u012bvi un dro\u0161i pieg\u0101d\u0101jot kravas starp da\u017e\u0101d\u0101m pasaules valst\u012bm. Neatkar\u012bgi no t\u0101, vai ir standarta vai nestandarta krava, m\u0113s pied\u0101v\u0101jam elast\u012bgus un individu\u0101li piel\u0101gotus risin\u0101jumus, kas atbilst klientu konkr\u0113taj\u0101m vajadz\u012bb\u0101m.  <\/span><\/p>\n\t\t\t\t\t\t<\/div>\n\t\t\t\t<\/div>\n\t\t\t\t<div class=\"elementor-element elementor-element-cfd6914 elementor-widget elementor-widget-button\" data-id=\"cfd6914\" data-element_type=\"widget\" data-widget_type=\"button.default\">\n\t\t\t\t<div class=\"elementor-widget-container\">\n\t\t\t\t\t<div class=\"elementor-button-wrapper\">\n\t\t\t<a class=\"elementor-button elementor-button-link elementor-size-sm\" href=\"\/lv\/sazinieties-ar-mums\/\">\n\t\t\t\t\t\t<span class=\"elementor-button-content-wrapper\">\n\t\t\t\t\t\t\t\t\t<span class=\"elementor-button-text\">Sazinieties ar mums<\/span>\n\t\t\t\t\t<\/span>\n\t\t\t\t\t<\/a>\n\t\t<\/div>\n\t\t\t\t<\/div>\n\t\t\t\t<\/div>\n\t\t\t\t<\/div>\n\t\t\t\t\t<\/div>\n\t\t\t\t<\/div>\n\t\t\t\t<\/div>\n\t\t","protected":false},"excerpt":{"rendered":"<p>Mg Agro MG Agro \u2013 uz\u0146\u0113mums, kas specializ\u0113jas kravu p\u0101rkrau\u0161anas un beramkravu fas\u0113\u0161anas pakalpojumu snieg\u0161an\u0101. M\u0113s pied\u0101v\u0101jam individu\u0101li piel\u0101gotus risin\u0101jumus \u0101rvalstu un viet\u0113jiem uz\u0146\u0113mumiem. Katra krava sav\u0101 veid\u0101 ir unik\u0101la, t\u0101p\u0113c m\u016bsu pieredz\u0113jus\u012b komanda nodro\u0161ina efekt\u012bvu un dro\u0161u kravu apstr\u0101di, iev\u0113rojot visus nepiecie\u0161am\u0101s kvalit\u0101tes un dro\u0161\u012bbas pras\u012bbas. Sazinieties ar mums Mg Trade MG Trade &#8211; [&hellip;]<\/p>\n","protected":false},"author":1,"featured_media":0,"parent":0,"menu_order":0,"comment_status":"closed","ping_status":"closed","template":"elementor_header_footer","meta":{"footnotes":""},"class_list":["post-1402","page","type-page","status-publish","hentry"],"yoast_head":"<!-- This site is optimized with the Yoast SEO plugin v23.8 - https:\/\/yoast.com\/wordpress\/plugins\/seo\/ -->\n<title>Tirdzniec\u012bba un pakalpojumi - Magnat Group<\/title>\n<meta name=\"robots\" content=\"noindex, follow, max-snippet:-1, max-image-preview:large, max-video-preview:-1\" \/>\n<meta property=\"og:locale\" content=\"lv_LV\" \/>\n<meta property=\"og:type\" content=\"article\" \/>\n<meta property=\"og:title\" content=\"Tirdzniec\u012bba un pakalpojumi - Magnat Group\" \/>\n<meta property=\"og:description\" content=\"Mg Agro MG Agro \u2013 uz\u0146\u0113mums, kas specializ\u0113jas kravu p\u0101rkrau\u0161anas un beramkravu fas\u0113\u0161anas pakalpojumu snieg\u0161an\u0101. M\u0113s pied\u0101v\u0101jam individu\u0101li piel\u0101gotus risin\u0101jumus \u0101rvalstu un viet\u0113jiem uz\u0146\u0113mumiem. Katra krava sav\u0101 veid\u0101 ir unik\u0101la, t\u0101p\u0113c m\u016bsu pieredz\u0113jus\u012b komanda nodro\u0161ina efekt\u012bvu un dro\u0161u kravu apstr\u0101di, iev\u0113rojot visus nepiecie\u0161am\u0101s kvalit\u0101tes un dro\u0161\u012bbas pras\u012bbas. Sazinieties ar mums Mg Trade MG Trade &#8211; [&hellip;]\" \/>\n<meta property=\"og:url\" content=\"https:\/\/magnatgroup.lv\/lv\/tirdznieciba-un-pakalpojumi\/\" \/>\n<meta property=\"og:site_name\" content=\"Magnat Group\" \/>\n<meta property=\"article:modified_time\" content=\"2024-10-21T08:49:21+00:00\" \/>\n<meta property=\"og:image\" content=\"https:\/\/magnatgroup.lv\/wp-content\/uploads\/2024\/09\/Port-Magnat-Daugavgrivas-web-size-97.jpg\" \/>\n\t<meta property=\"og:image:width\" content=\"2000\" \/>\n\t<meta property=\"og:image:height\" content=\"1333\" \/>\n\t<meta property=\"og:image:type\" content=\"image\/jpeg\" \/>\n<meta name=\"twitter:card\" content=\"summary_large_image\" \/>\n<meta name=\"twitter:label1\" content=\"Est. reading time\" \/>\n\t<meta name=\"twitter:data1\" content=\"1 minute\" \/>\n<script type=\"application\/ld+json\" class=\"yoast-schema-graph\">{\"@context\":\"https:\/\/schema.org\",\"@graph\":[{\"@type\":\"WebPage\",\"@id\":\"https:\/\/magnatgroup.lv\/lv\/tirdznieciba-un-pakalpojumi\/\",\"url\":\"https:\/\/magnatgroup.lv\/lv\/tirdznieciba-un-pakalpojumi\/\",\"name\":\"Tirdzniec\u012bba un pakalpojumi - Magnat Group\",\"isPartOf\":{\"@id\":\"https:\/\/magnatgroup.lv\/lv\/#website\"},\"primaryImageOfPage\":{\"@id\":\"https:\/\/magnatgroup.lv\/lv\/tirdznieciba-un-pakalpojumi\/#primaryimage\"},\"image\":{\"@id\":\"https:\/\/magnatgroup.lv\/lv\/tirdznieciba-un-pakalpojumi\/#primaryimage\"},\"thumbnailUrl\":\"https:\/\/magnatgroup.lv\/wp-content\/uploads\/2024\/09\/Port-Magnat-Daugavgrivas-web-size-97-1024x682.jpg\",\"datePublished\":\"2024-09-09T11:31:43+00:00\",\"dateModified\":\"2024-10-21T08:49:21+00:00\",\"breadcrumb\":{\"@id\":\"https:\/\/magnatgroup.lv\/lv\/tirdznieciba-un-pakalpojumi\/#breadcrumb\"},\"inLanguage\":\"lv-LV\",\"potentialAction\":[{\"@type\":\"ReadAction\",\"target\":[\"https:\/\/magnatgroup.lv\/lv\/tirdznieciba-un-pakalpojumi\/\"]}]},{\"@type\":\"ImageObject\",\"inLanguage\":\"lv-LV\",\"@id\":\"https:\/\/magnatgroup.lv\/lv\/tirdznieciba-un-pakalpojumi\/#primaryimage\",\"url\":\"https:\/\/magnatgroup.lv\/wp-content\/uploads\/2024\/09\/Port-Magnat-Daugavgrivas-web-size-97-1024x682.jpg\",\"contentUrl\":\"https:\/\/magnatgroup.lv\/wp-content\/uploads\/2024\/09\/Port-Magnat-Daugavgrivas-web-size-97-1024x682.jpg\"},{\"@type\":\"BreadcrumbList\",\"@id\":\"https:\/\/magnatgroup.lv\/lv\/tirdznieciba-un-pakalpojumi\/#breadcrumb\",\"itemListElement\":[{\"@type\":\"ListItem\",\"position\":1,\"name\":\"Home\",\"item\":\"https:\/\/magnatgroup.lv\/lv\/\"},{\"@type\":\"ListItem\",\"position\":2,\"name\":\"Tirdzniec\u012bba un pakalpojumi\"}]},{\"@type\":\"WebSite\",\"@id\":\"https:\/\/magnatgroup.lv\/lv\/#website\",\"url\":\"https:\/\/magnatgroup.lv\/lv\/\",\"name\":\"Magnat Group\",\"description\":\"\",\"potentialAction\":[{\"@type\":\"SearchAction\",\"target\":{\"@type\":\"EntryPoint\",\"urlTemplate\":\"https:\/\/magnatgroup.lv\/lv\/?s={search_term_string}\"},\"query-input\":{\"@type\":\"PropertyValueSpecification\",\"valueRequired\":true,\"valueName\":\"search_term_string\"}}],\"inLanguage\":\"lv-LV\"}]}<\/script>\n<!-- \/ Yoast SEO plugin. -->","yoast_head_json":{"title":"Tirdzniec\u012bba un pakalpojumi - Magnat Group","robots":{"index":"noindex","follow":"follow","max-snippet":"max-snippet:-1","max-image-preview":"max-image-preview:large","max-video-preview":"max-video-preview:-1"},"og_locale":"lv_LV","og_type":"article","og_title":"Tirdzniec\u012bba un pakalpojumi - Magnat Group","og_description":"Mg Agro MG Agro \u2013 uz\u0146\u0113mums, kas specializ\u0113jas kravu p\u0101rkrau\u0161anas un beramkravu fas\u0113\u0161anas pakalpojumu snieg\u0161an\u0101. M\u0113s pied\u0101v\u0101jam individu\u0101li piel\u0101gotus risin\u0101jumus \u0101rvalstu un viet\u0113jiem uz\u0146\u0113mumiem. Katra krava sav\u0101 veid\u0101 ir unik\u0101la, t\u0101p\u0113c m\u016bsu pieredz\u0113jus\u012b komanda nodro\u0161ina efekt\u012bvu un dro\u0161u kravu apstr\u0101di, iev\u0113rojot visus nepiecie\u0161am\u0101s kvalit\u0101tes un dro\u0161\u012bbas pras\u012bbas. Sazinieties ar mums Mg Trade MG Trade &#8211; [&hellip;]","og_url":"https:\/\/magnatgroup.lv\/lv\/tirdznieciba-un-pakalpojumi\/","og_site_name":"Magnat Group","article_modified_time":"2024-10-21T08:49:21+00:00","og_image":[{"width":2000,"height":1333,"url":"https:\/\/magnatgroup.lv\/wp-content\/uploads\/2024\/09\/Port-Magnat-Daugavgrivas-web-size-97.jpg","type":"image\/jpeg"}],"twitter_card":"summary_large_image","twitter_misc":{"Est. reading time":"1 minute"},"schema":{"@context":"https:\/\/schema.org","@graph":[{"@type":"WebPage","@id":"https:\/\/magnatgroup.lv\/lv\/tirdznieciba-un-pakalpojumi\/","url":"https:\/\/magnatgroup.lv\/lv\/tirdznieciba-un-pakalpojumi\/","name":"Tirdzniec\u012bba un pakalpojumi - Magnat Group","isPartOf":{"@id":"https:\/\/magnatgroup.lv\/lv\/#website"},"primaryImageOfPage":{"@id":"https:\/\/magnatgroup.lv\/lv\/tirdznieciba-un-pakalpojumi\/#primaryimage"},"image":{"@id":"https:\/\/magnatgroup.lv\/lv\/tirdznieciba-un-pakalpojumi\/#primaryimage"},"thumbnailUrl":"https:\/\/magnatgroup.lv\/wp-content\/uploads\/2024\/09\/Port-Magnat-Daugavgrivas-web-size-97-1024x682.jpg","datePublished":"2024-09-09T11:31:43+00:00","dateModified":"2024-10-21T08:49:21+00:00","breadcrumb":{"@id":"https:\/\/magnatgroup.lv\/lv\/tirdznieciba-un-pakalpojumi\/#breadcrumb"},"inLanguage":"lv-LV","potentialAction":[{"@type":"ReadAction","target":["https:\/\/magnatgroup.lv\/lv\/tirdznieciba-un-pakalpojumi\/"]}]},{"@type":"ImageObject","inLanguage":"lv-LV","@id":"https:\/\/magnatgroup.lv\/lv\/tirdznieciba-un-pakalpojumi\/#primaryimage","url":"https:\/\/magnatgroup.lv\/wp-content\/uploads\/2024\/09\/Port-Magnat-Daugavgrivas-web-size-97-1024x682.jpg","contentUrl":"https:\/\/magnatgroup.lv\/wp-content\/uploads\/2024\/09\/Port-Magnat-Daugavgrivas-web-size-97-1024x682.jpg"},{"@type":"BreadcrumbList","@id":"https:\/\/magnatgroup.lv\/lv\/tirdznieciba-un-pakalpojumi\/#breadcrumb","itemListElement":[{"@type":"ListItem","position":1,"name":"Home","item":"https:\/\/magnatgroup.lv\/lv\/"},{"@type":"ListItem","position":2,"name":"Tirdzniec\u012bba un pakalpojumi"}]},{"@type":"WebSite","@id":"https:\/\/magnatgroup.lv\/lv\/#website","url":"https:\/\/magnatgroup.lv\/lv\/","name":"Magnat Group","description":"","potentialAction":[{"@type":"SearchAction","target":{"@type":"EntryPoint","urlTemplate":"https:\/\/magnatgroup.lv\/lv\/?s={search_term_string}"},"query-input":{"@type":"PropertyValueSpecification","valueRequired":true,"valueName":"search_term_string"}}],"inLanguage":"lv-LV"}]}},"_links":{"self":[{"href":"https:\/\/magnatgroup.lv\/lv\/wp-json\/wp\/v2\/pages\/1402","targetHints":{"allow":["GET"]}}],"collection":[{"href":"https:\/\/magnatgroup.lv\/lv\/wp-json\/wp\/v2\/pages"}],"about":[{"href":"https:\/\/magnatgroup.lv\/lv\/wp-json\/wp\/v2\/types\/page"}],"author":[{"embeddable":true,"href":"https:\/\/magnatgroup.lv\/lv\/wp-json\/wp\/v2\/users\/1"}],"replies":[{"embeddable":true,"href":"https:\/\/magnatgroup.lv\/lv\/wp-json\/wp\/v2\/comments?post=1402"}],"version-history":[{"count":10,"href":"https:\/\/magnatgroup.lv\/lv\/wp-json\/wp\/v2\/pages\/1402\/revisions"}],"predecessor-version":[{"id":1650,"href":"https:\/\/magnatgroup.lv\/lv\/wp-json\/wp\/v2\/pages\/1402\/revisions\/1650"}],"wp:attachment":[{"href":"https:\/\/magnatgroup.lv\/lv\/wp-json\/wp\/v2\/media?parent=1402"}],"curies":[{"name":"wp","href":"https:\/\/api.w.org\/{rel}","templated":true}]}}