{"id":1404,"date":"2024-09-09T11:55:44","date_gmt":"2024-09-09T11:55:44","guid":{"rendered":"https:\/\/magnatgroup.lv\/investiciju-projekti\/"},"modified":"2025-10-14T18:03:08","modified_gmt":"2025-10-14T18:03:08","slug":"investiciju-projekti","status":"publish","type":"page","link":"https:\/\/magnatgroup.lv\/lv\/investiciju-projekti\/","title":{"rendered":"Invest\u012bciju projekti"},"content":{"rendered":"\t\t<div data-elementor-type=\"wp-page\" data-elementor-id=\"1404\" class=\"elementor elementor-1404 elementor-159\" data-elementor-post-type=\"page\">\n\t\t\t\t<div class=\"elementor-element elementor-element-44b8410d e-flex e-con-boxed e-con e-parent\" data-id=\"44b8410d\" data-element_type=\"container\" data-settings=\"{&quot;background_background&quot;:&quot;classic&quot;}\">\n\t\t\t\t\t<div class=\"e-con-inner\">\n\t\t<div class=\"elementor-element elementor-element-3b9010e e-flex e-con-boxed e-con e-child\" data-id=\"3b9010e\" data-element_type=\"container\">\n\t\t\t\t\t<div class=\"e-con-inner\">\n\t\t\t\t<div class=\"elementor-element elementor-element-62693dff elementor-invisible elementor-widget elementor-widget-heading\" data-id=\"62693dff\" data-element_type=\"widget\" data-settings=\"{&quot;_animation&quot;:&quot;fadeInUp&quot;}\" data-widget_type=\"heading.default\">\n\t\t\t\t<div class=\"elementor-widget-container\">\n\t\t\t<h1 class=\"elementor-heading-title elementor-size-default\">Invest\u012bciju projekti<\/h1>\t\t<\/div>\n\t\t\t\t<\/div>\n\t\t\t\t\t<\/div>\n\t\t\t\t<\/div>\n\t\t\t\t\t<\/div>\n\t\t\t\t<\/div>\n\t\t<div class=\"elementor-element elementor-element-d792d99 e-flex e-con-boxed e-con e-parent\" data-id=\"d792d99\" data-element_type=\"container\">\n\t\t\t\t\t<div class=\"e-con-inner\">\n\t\t<div class=\"elementor-element elementor-element-cbd9321 e-con-full e-flex elementor-invisible e-con e-child\" data-id=\"cbd9321\" data-element_type=\"container\" data-settings=\"{&quot;animation&quot;:&quot;fadeIn&quot;,&quot;animation_delay&quot;:200}\">\n\t\t\t\t<div class=\"elementor-element elementor-element-d2c0e23 elementor-widget elementor-widget-text-editor\" data-id=\"d2c0e23\" data-element_type=\"widget\" data-widget_type=\"text-editor.default\">\n\t\t\t\t<div class=\"elementor-widget-container\">\n\t\t\t\t\t\t\t<p>Magnat Project Management: Ilgtsp\u0113j\u012bgas v\u0113rt\u012bbas veido\u0161ana<\/p><p>Magnat Project Management (MPM) \u2013 Magnat Group invest\u012bciju strukt\u016brvien\u012bba \u2013 veicina ilgtsp\u0113j\u012bgu izaugsmi, \u012bstenojot strat\u0113\u0123iskas un ilgtermi\u0146a invest\u012bcijas. Ar vair\u0101k nek\u0101 20 gadu pieredzi finan\u0161u tirgos Eirop\u0101, ASV un Dienvidaustrum\u0101zij\u0101, MPM izmanto pla\u0161u finan\u0161u instrumentu un strukt\u016bru kl\u0101stu, lai rad\u012btu notur\u012bgu v\u0113rt\u012bbu.<\/p><p>M\u016bsu portfel\u012b ietilpst publiski tirgoti v\u0113rtspap\u012bri un m\u0113r\u0137tiec\u012bgas tie\u0161\u0101s invest\u012bcijas augsta potenci\u0101la uz\u0146\u0113mumos Latvij\u0101 un pasaul\u0113, \u012bpa\u0161i koncentr\u0113joties uz pre-IPO iesp\u0113j\u0101m.<\/p><p>Sadarb\u012bb\u0101 ar inovat\u012bviem uz\u0146\u0113mumiem MPM atbalsta p\u0101rveidojo\u0161us projektus, kas veido nozares n\u0101kotnes att\u012bst\u012bbu un rada ilgsto\u0161u ietekmi.<\/p>\t\t\t\t\t\t<\/div>\n\t\t\t\t<\/div>\n\t\t\t\t<div class=\"elementor-element elementor-element-f1e0492 elementor-align-left elementor-widget elementor-widget-button\" data-id=\"f1e0492\" data-element_type=\"widget\" data-widget_type=\"button.default\">\n\t\t\t\t<div class=\"elementor-widget-container\">\n\t\t\t\t\t<div class=\"elementor-button-wrapper\">\n\t\t\t<a class=\"elementor-button elementor-button-link elementor-size-sm\" href=\"\/lv\/sazinieties-ar-mums\/\" target=\"_blank\">\n\t\t\t\t\t\t<span class=\"elementor-button-content-wrapper\">\n\t\t\t\t\t\t\t\t\t<span class=\"elementor-button-text\">Sazinieties ar mums<\/span>\n\t\t\t\t\t<\/span>\n\t\t\t\t\t<\/a>\n\t\t<\/div>\n\t\t\t\t<\/div>\n\t\t\t\t<\/div>\n\t\t\t\t<\/div>\n\t\t\t\t\t<\/div>\n\t\t\t\t<\/div>\n\t\t\t\t<\/div>\n\t\t","protected":false},"excerpt":{"rendered":"<p>Magnat Project Management: Ilgtsp\u0113j\u012bgas v\u0113rt\u012bbas veido\u0161ana Magnat Project Management (MPM) \u2013 Magnat Group invest\u012bciju strukt\u016brvien\u012bba \u2013 veicina ilgtsp\u0113j\u012bgu izaugsmi, \u012bstenojot strat\u0113\u0123iskas un ilgtermi\u0146a invest\u012bcijas. Ar vair\u0101k nek\u0101 20 gadu pieredzi finan\u0161u tirgos Eirop\u0101, ASV un Dienvidaustrum\u0101zij\u0101, MPM izmanto pla\u0161u finan\u0161u instrumentu un strukt\u016bru kl\u0101stu, lai rad\u012btu notur\u012bgu v\u0113rt\u012bbu. M\u016bsu portfel\u012b ietilpst publiski tirgoti v\u0113rtspap\u012bri un [&hellip;]<\/p>\n","protected":false},"author":1,"featured_media":0,"parent":0,"menu_order":0,"comment_status":"closed","ping_status":"closed","template":"elementor_header_footer","meta":{"footnotes":""},"class_list":["post-1404","page","type-page","status-publish","hentry"],"yoast_head":"<!-- This site is optimized with the Yoast SEO plugin v23.8 - https:\/\/yoast.com\/wordpress\/plugins\/seo\/ -->\n<title>Invest\u012bciju projekti - Magnat Group<\/title>\n<meta name=\"robots\" content=\"noindex, follow, max-snippet:-1, max-image-preview:large, max-video-preview:-1\" \/>\n<meta property=\"og:locale\" content=\"lv_LV\" \/>\n<meta property=\"og:type\" content=\"article\" \/>\n<meta property=\"og:title\" content=\"Invest\u012bciju projekti - Magnat Group\" \/>\n<meta property=\"og:description\" content=\"Magnat Project Management: Ilgtsp\u0113j\u012bgas v\u0113rt\u012bbas veido\u0161ana Magnat Project Management (MPM) \u2013 Magnat Group invest\u012bciju strukt\u016brvien\u012bba \u2013 veicina ilgtsp\u0113j\u012bgu izaugsmi, \u012bstenojot strat\u0113\u0123iskas un ilgtermi\u0146a invest\u012bcijas. Ar vair\u0101k nek\u0101 20 gadu pieredzi finan\u0161u tirgos Eirop\u0101, ASV un Dienvidaustrum\u0101zij\u0101, MPM izmanto pla\u0161u finan\u0161u instrumentu un strukt\u016bru kl\u0101stu, lai rad\u012btu notur\u012bgu v\u0113rt\u012bbu. M\u016bsu portfel\u012b ietilpst publiski tirgoti v\u0113rtspap\u012bri un [&hellip;]\" \/>\n<meta property=\"og:url\" content=\"https:\/\/magnatgroup.lv\/lv\/investiciju-projekti\/\" \/>\n<meta property=\"og:site_name\" content=\"Magnat Group\" \/>\n<meta property=\"article:modified_time\" content=\"2025-10-14T18:03:08+00:00\" \/>\n<meta name=\"twitter:card\" content=\"summary_large_image\" \/>\n<meta name=\"twitter:label1\" content=\"Est. reading time\" \/>\n\t<meta name=\"twitter:data1\" content=\"1 minute\" \/>\n<script type=\"application\/ld+json\" class=\"yoast-schema-graph\">{\"@context\":\"https:\/\/schema.org\",\"@graph\":[{\"@type\":\"WebPage\",\"@id\":\"https:\/\/magnatgroup.lv\/lv\/investiciju-projekti\/\",\"url\":\"https:\/\/magnatgroup.lv\/lv\/investiciju-projekti\/\",\"name\":\"Invest\u012bciju projekti - Magnat Group\",\"isPartOf\":{\"@id\":\"https:\/\/magnatgroup.lv\/lv\/#website\"},\"datePublished\":\"2024-09-09T11:55:44+00:00\",\"dateModified\":\"2025-10-14T18:03:08+00:00\",\"breadcrumb\":{\"@id\":\"https:\/\/magnatgroup.lv\/lv\/investiciju-projekti\/#breadcrumb\"},\"inLanguage\":\"lv-LV\",\"potentialAction\":[{\"@type\":\"ReadAction\",\"target\":[\"https:\/\/magnatgroup.lv\/lv\/investiciju-projekti\/\"]}]},{\"@type\":\"BreadcrumbList\",\"@id\":\"https:\/\/magnatgroup.lv\/lv\/investiciju-projekti\/#breadcrumb\",\"itemListElement\":[{\"@type\":\"ListItem\",\"position\":1,\"name\":\"Home\",\"item\":\"https:\/\/magnatgroup.lv\/lv\/\"},{\"@type\":\"ListItem\",\"position\":2,\"name\":\"Invest\u012bciju projekti\"}]},{\"@type\":\"WebSite\",\"@id\":\"https:\/\/magnatgroup.lv\/lv\/#website\",\"url\":\"https:\/\/magnatgroup.lv\/lv\/\",\"name\":\"Magnat Group\",\"description\":\"\",\"potentialAction\":[{\"@type\":\"SearchAction\",\"target\":{\"@type\":\"EntryPoint\",\"urlTemplate\":\"https:\/\/magnatgroup.lv\/lv\/?s={search_term_string}\"},\"query-input\":{\"@type\":\"PropertyValueSpecification\",\"valueRequired\":true,\"valueName\":\"search_term_string\"}}],\"inLanguage\":\"lv-LV\"}]}<\/script>\n<!-- \/ Yoast SEO plugin. -->","yoast_head_json":{"title":"Invest\u012bciju projekti - Magnat Group","robots":{"index":"noindex","follow":"follow","max-snippet":"max-snippet:-1","max-image-preview":"max-image-preview:large","max-video-preview":"max-video-preview:-1"},"og_locale":"lv_LV","og_type":"article","og_title":"Invest\u012bciju projekti - Magnat Group","og_description":"Magnat Project Management: Ilgtsp\u0113j\u012bgas v\u0113rt\u012bbas veido\u0161ana Magnat Project Management (MPM) \u2013 Magnat Group invest\u012bciju strukt\u016brvien\u012bba \u2013 veicina ilgtsp\u0113j\u012bgu izaugsmi, \u012bstenojot strat\u0113\u0123iskas un ilgtermi\u0146a invest\u012bcijas. Ar vair\u0101k nek\u0101 20 gadu pieredzi finan\u0161u tirgos Eirop\u0101, ASV un Dienvidaustrum\u0101zij\u0101, MPM izmanto pla\u0161u finan\u0161u instrumentu un strukt\u016bru kl\u0101stu, lai rad\u012btu notur\u012bgu v\u0113rt\u012bbu. M\u016bsu portfel\u012b ietilpst publiski tirgoti v\u0113rtspap\u012bri un [&hellip;]","og_url":"https:\/\/magnatgroup.lv\/lv\/investiciju-projekti\/","og_site_name":"Magnat Group","article_modified_time":"2025-10-14T18:03:08+00:00","twitter_card":"summary_large_image","twitter_misc":{"Est. reading time":"1 minute"},"schema":{"@context":"https:\/\/schema.org","@graph":[{"@type":"WebPage","@id":"https:\/\/magnatgroup.lv\/lv\/investiciju-projekti\/","url":"https:\/\/magnatgroup.lv\/lv\/investiciju-projekti\/","name":"Invest\u012bciju projekti - Magnat Group","isPartOf":{"@id":"https:\/\/magnatgroup.lv\/lv\/#website"},"datePublished":"2024-09-09T11:55:44+00:00","dateModified":"2025-10-14T18:03:08+00:00","breadcrumb":{"@id":"https:\/\/magnatgroup.lv\/lv\/investiciju-projekti\/#breadcrumb"},"inLanguage":"lv-LV","potentialAction":[{"@type":"ReadAction","target":["https:\/\/magnatgroup.lv\/lv\/investiciju-projekti\/"]}]},{"@type":"BreadcrumbList","@id":"https:\/\/magnatgroup.lv\/lv\/investiciju-projekti\/#breadcrumb","itemListElement":[{"@type":"ListItem","position":1,"name":"Home","item":"https:\/\/magnatgroup.lv\/lv\/"},{"@type":"ListItem","position":2,"name":"Invest\u012bciju projekti"}]},{"@type":"WebSite","@id":"https:\/\/magnatgroup.lv\/lv\/#website","url":"https:\/\/magnatgroup.lv\/lv\/","name":"Magnat Group","description":"","potentialAction":[{"@type":"SearchAction","target":{"@type":"EntryPoint","urlTemplate":"https:\/\/magnatgroup.lv\/lv\/?s={search_term_string}"},"query-input":{"@type":"PropertyValueSpecification","valueRequired":true,"valueName":"search_term_string"}}],"inLanguage":"lv-LV"}]}},"_links":{"self":[{"href":"https:\/\/magnatgroup.lv\/lv\/wp-json\/wp\/v2\/pages\/1404","targetHints":{"allow":["GET"]}}],"collection":[{"href":"https:\/\/magnatgroup.lv\/lv\/wp-json\/wp\/v2\/pages"}],"about":[{"href":"https:\/\/magnatgroup.lv\/lv\/wp-json\/wp\/v2\/types\/page"}],"author":[{"embeddable":true,"href":"https:\/\/magnatgroup.lv\/lv\/wp-json\/wp\/v2\/users\/1"}],"replies":[{"embeddable":true,"href":"https:\/\/magnatgroup.lv\/lv\/wp-json\/wp\/v2\/comments?post=1404"}],"version-history":[{"count":10,"href":"https:\/\/magnatgroup.lv\/lv\/wp-json\/wp\/v2\/pages\/1404\/revisions"}],"predecessor-version":[{"id":1775,"href":"https:\/\/magnatgroup.lv\/lv\/wp-json\/wp\/v2\/pages\/1404\/revisions\/1775"}],"wp:attachment":[{"href":"https:\/\/magnatgroup.lv\/lv\/wp-json\/wp\/v2\/media?parent=1404"}],"curies":[{"name":"wp","href":"https:\/\/api.w.org\/{rel}","templated":true}]}}