{"id":1406,"date":"2024-09-24T07:29:02","date_gmt":"2024-09-24T07:29:02","guid":{"rendered":"https:\/\/magnatgroup.lv\/konfidencialitates-politika\/"},"modified":"2024-10-07T10:43:17","modified_gmt":"2024-10-07T10:43:17","slug":"konfidencialitates-politika","status":"publish","type":"page","link":"https:\/\/magnatgroup.lv\/lv\/konfidencialitates-politika\/","title":{"rendered":"Konfidencialit\u0101tes politika"},"content":{"rendered":"\t\t<div data-elementor-type=\"wp-page\" data-elementor-id=\"1406\" class=\"elementor elementor-1406 elementor-887\" data-elementor-post-type=\"page\">\n\t\t\t\t<div class=\"elementor-element elementor-element-220d3d6 e-flex e-con-boxed e-con e-parent\" data-id=\"220d3d6\" data-element_type=\"container\">\n\t\t\t\t\t<div class=\"e-con-inner\">\n\t\t\t\t<div class=\"elementor-element elementor-element-185fffc elementor-widget elementor-widget-heading\" data-id=\"185fffc\" data-element_type=\"widget\" data-widget_type=\"heading.default\">\n\t\t\t\t<div class=\"elementor-widget-container\">\n\t\t\t<h2 class=\"elementor-heading-title elementor-size-default\">Konfidencialit\u0101tes politika  <\/h2>\t\t<\/div>\n\t\t\t\t<\/div>\n\t\t\t\t\t<\/div>\n\t\t\t\t<\/div>\n\t\t<div class=\"elementor-element elementor-element-d09b362 e-flex e-con-boxed e-con e-parent\" data-id=\"d09b362\" data-element_type=\"container\">\n\t\t\t\t\t<div class=\"e-con-inner\">\n\t\t\t\t<div class=\"elementor-element elementor-element-f1e7e42 elementor-widget elementor-widget-text-editor\" data-id=\"f1e7e42\" data-element_type=\"widget\" data-widget_type=\"text-editor.default\">\n\t\t\t\t<div class=\"elementor-widget-container\">\n\t\t\t\t\t\t\t<p><main id=\"content\" class=\"site-main post-1631 page type-page status-publish hentry\"><\/p>\n<div class=\"page-content\">\n<div class=\"elementor elementor-1631 elementor-1110 elementor-279\" data-elementor-type=\"wp-page\" data-elementor-id=\"1631\" data-elementor-post-type=\"page\">\n<div class=\"elementor-element elementor-element-187b7e4e e-flex e-con-boxed e-con e-parent e-lazyloaded\" data-id=\"187b7e4e\" data-element_type=\"container\">\n<div class=\"e-con-inner\">\n<div class=\"elementor-element elementor-element-7111c626 e-con-full e-flex e-con e-child animated fadeIn\" data-id=\"7111c626\" data-element_type=\"container\" data-settings=\"{\"animation\":\"fadeIn\",\"animation_delay\":200}\">\n<div class=\"elementor-element elementor-element-4442e5a elementor-widget elementor-widget-text-editor\" data-id=\"4442e5a\" data-element_type=\"widget\" data-widget_type=\"text-editor.default\">\n<div class=\"elementor-widget-container\">\n<p>S\u012bkfails ir neliela burtu un ciparu datne, ko m\u0113s saglab\u0101jam j\u016bsu p\u0101rl\u016bkprogramm\u0101 vai j\u016bsu datora cietaj\u0101 disk\u0101, ja j\u016bs tam piekr\u012btat.<br \/>\nS\u012bkfaili satur inform\u0101ciju, kas tiek p\u0101rs\u016bt\u012bta uz j\u016bsu datora cieto disku.<br \/>\nM\u0113s izmantojam Google analytics\/ veiktsp\u0113jas s\u012bkfailus; tie \u013cauj mums atpaz\u012bt un saskait\u012bt apmekl\u0113t\u0101ju skaitu un redz\u0113t, k\u0101 apmekl\u0113t\u0101ji p\u0101rvietojas m\u016bsu t\u012bmek\u013ca vietn\u0113 t\u0101s lieto\u0161anas laik\u0101.  <\/p>\n<p>Tas pal\u012bdz mums uzlabot vietnes darb\u012bbu, piem\u0113ram, lai lietot\u0101jiem b\u016btu viegl\u0101k atrast mekl\u0113to.<\/p>\n<p>Google anal\u012btikas\/ veiktsp\u0113jas s\u012bkfaili \u013cauj mums:<\/p>\n<p>&#8211; Nosakiet, kuru apgabalu m\u0113r\u012bt<\/p>\n<p>&#8211; atpaz\u012bt j\u016bs, kad atgrie\u017eaties m\u016bsu t\u012bmek\u013ca vietn\u0113.<\/p>\n<p>&#8211; iegaum\u0113t iepriek\u0161\u0113jo apmekl\u0113jumu skaitu un laiku.<\/p>\n<p>&#8211; iegaum\u0113t inform\u0101ciju par datu pl\u016bsmas avotu.<\/p>\n<p>&#8211; Noteikt sesijas s\u0101kumu un beigas.<\/p>\n<p>&#8211; Atcerieties apmekl\u0113t\u0101ju l\u012bme\u0146a main\u012bg\u0101 lieluma kori\u0123\u0113to v\u0113rt\u012bbu.<\/p>\n<p>L\u016bdzu, \u0146emiet v\u0113r\u0101, ka tre\u0161\u0101s puses (tostarp, piem\u0113ram, \u0101r\u0113jie pakalpojumu sniedz\u0113ji, piem\u0113ram, t\u012bmek\u013ca datpl\u016bsmas anal\u012bzes pakalpojumi) var izmantot ar\u012b s\u012bkfailus, kurus m\u0113s nevaram kontrol\u0113t.<br \/>\n\u0160\u012bs s\u012bkdatnes visbie\u017e\u0101k ir anal\u012btisk\u0101s\/izpildes s\u012bkdatnes vai m\u0113r\u0137a s\u012bkdatnes.<br \/>\nS\u012bkdatnes var blo\u0137\u0113t, aktiviz\u0113jot iestat\u012bjumu sav\u0101 p\u0101rl\u016bkprogramm\u0101, kas \u013cauj atteikties no visu vai da\u017eu s\u012bkdat\u0146u iestat\u012b\u0161anas.<br \/>\nTom\u0113r, ja p\u0101rl\u016bkprogrammas iestat\u012bjumos blo\u0137\u0113siet visas s\u012bkdatnes (tostarp b\u016btisk\u0101s s\u012bkdatnes), iesp\u0113jams, nevar\u0113siet piek\u013c\u016bt vis\u0101m vai da\u017e\u0101m m\u016bsu vietnes da\u013c\u0101m.   <\/p>\n<\/div>\n<\/div>\n<\/div>\n<\/div>\n<\/div>\n<\/div>\n<\/div>\n<p><\/main><\/p>\n<div class=\"elementor elementor-1863 elementor-1855 elementor-location-footer\" data-elementor-type=\"footer\" data-elementor-id=\"1863\" data-elementor-post-type=\"elementor_library\">\n<div class=\"elementor-element elementor-element-e1f6b7f e-flex e-con-boxed e-con e-parent e-lazyloaded\" data-id=\"e1f6b7f\" data-element_type=\"container\" data-settings=\"{\"background_background\":\"classic\"}\">\n<div class=\"e-con-inner\">\n<div class=\"elementor-element elementor-element-aa73597 e-con-full e-flex e-con e-child\" data-id=\"aa73597\" data-element_type=\"container\">\n<div class=\"elementor-element elementor-element-d5498d9 elementor-widget elementor-widget-image\" data-id=\"d5498d9\" data-element_type=\"widget\" data-widget_type=\"image.default\"> <\/div>\n<\/div>\n<\/div>\n<\/div>\n<\/div>\n\t\t\t\t\t\t<\/div>\n\t\t\t\t<\/div>\n\t\t\t\t\t<\/div>\n\t\t\t\t<\/div>\n\t\t\t\t<\/div>\n\t\t","protected":false},"excerpt":{"rendered":"<p>Konfidencialit\u0101tes politika S\u012bkfails ir neliela burtu un ciparu datne, ko m\u0113s saglab\u0101jam j\u016bsu p\u0101rl\u016bkprogramm\u0101 vai j\u016bsu datora cietaj\u0101 disk\u0101, ja j\u016bs tam piekr\u012btat. S\u012bkfaili satur inform\u0101ciju, kas tiek p\u0101rs\u016bt\u012bta uz j\u016bsu datora cieto disku. M\u0113s izmantojam Google analytics\/ veiktsp\u0113jas s\u012bkfailus; tie \u013cauj mums atpaz\u012bt un saskait\u012bt apmekl\u0113t\u0101ju skaitu un redz\u0113t, k\u0101 apmekl\u0113t\u0101ji p\u0101rvietojas m\u016bsu t\u012bmek\u013ca [&hellip;]<\/p>\n","protected":false},"author":1,"featured_media":0,"parent":0,"menu_order":0,"comment_status":"closed","ping_status":"closed","template":"elementor_header_footer","meta":{"footnotes":""},"class_list":["post-1406","page","type-page","status-publish","hentry"],"yoast_head":"<!-- This site is optimized with the Yoast SEO plugin v23.8 - https:\/\/yoast.com\/wordpress\/plugins\/seo\/ -->\n<title>Konfidencialit\u0101tes politika - Magnat Group<\/title>\n<meta name=\"robots\" content=\"noindex, follow, max-snippet:-1, max-image-preview:large, max-video-preview:-1\" \/>\n<meta property=\"og:locale\" content=\"lv_LV\" \/>\n<meta property=\"og:type\" content=\"article\" \/>\n<meta property=\"og:title\" content=\"Konfidencialit\u0101tes politika - Magnat Group\" \/>\n<meta property=\"og:description\" content=\"Konfidencialit\u0101tes politika S\u012bkfails ir neliela burtu un ciparu datne, ko m\u0113s saglab\u0101jam j\u016bsu p\u0101rl\u016bkprogramm\u0101 vai j\u016bsu datora cietaj\u0101 disk\u0101, ja j\u016bs tam piekr\u012btat. S\u012bkfaili satur inform\u0101ciju, kas tiek p\u0101rs\u016bt\u012bta uz j\u016bsu datora cieto disku. M\u0113s izmantojam Google analytics\/ veiktsp\u0113jas s\u012bkfailus; tie \u013cauj mums atpaz\u012bt un saskait\u012bt apmekl\u0113t\u0101ju skaitu un redz\u0113t, k\u0101 apmekl\u0113t\u0101ji p\u0101rvietojas m\u016bsu t\u012bmek\u013ca [&hellip;]\" \/>\n<meta property=\"og:url\" content=\"https:\/\/magnatgroup.lv\/lv\/konfidencialitates-politika\/\" \/>\n<meta property=\"og:site_name\" content=\"Magnat Group\" \/>\n<meta property=\"article:modified_time\" content=\"2024-10-07T10:43:17+00:00\" \/>\n<meta name=\"twitter:card\" content=\"summary_large_image\" \/>\n<meta name=\"twitter:label1\" content=\"Est. reading time\" \/>\n\t<meta name=\"twitter:data1\" content=\"2 minutes\" \/>\n<script type=\"application\/ld+json\" class=\"yoast-schema-graph\">{\"@context\":\"https:\/\/schema.org\",\"@graph\":[{\"@type\":\"WebPage\",\"@id\":\"https:\/\/magnatgroup.lv\/lv\/konfidencialitates-politika\/\",\"url\":\"https:\/\/magnatgroup.lv\/lv\/konfidencialitates-politika\/\",\"name\":\"Konfidencialit\u0101tes politika - Magnat Group\",\"isPartOf\":{\"@id\":\"https:\/\/magnatgroup.lv\/lv\/#website\"},\"datePublished\":\"2024-09-24T07:29:02+00:00\",\"dateModified\":\"2024-10-07T10:43:17+00:00\",\"breadcrumb\":{\"@id\":\"https:\/\/magnatgroup.lv\/lv\/konfidencialitates-politika\/#breadcrumb\"},\"inLanguage\":\"lv-LV\",\"potentialAction\":[{\"@type\":\"ReadAction\",\"target\":[\"https:\/\/magnatgroup.lv\/lv\/konfidencialitates-politika\/\"]}]},{\"@type\":\"BreadcrumbList\",\"@id\":\"https:\/\/magnatgroup.lv\/lv\/konfidencialitates-politika\/#breadcrumb\",\"itemListElement\":[{\"@type\":\"ListItem\",\"position\":1,\"name\":\"Home\",\"item\":\"https:\/\/magnatgroup.lv\/lv\/\"},{\"@type\":\"ListItem\",\"position\":2,\"name\":\"Konfidencialit\u0101tes politika\"}]},{\"@type\":\"WebSite\",\"@id\":\"https:\/\/magnatgroup.lv\/lv\/#website\",\"url\":\"https:\/\/magnatgroup.lv\/lv\/\",\"name\":\"Magnat Group\",\"description\":\"\",\"potentialAction\":[{\"@type\":\"SearchAction\",\"target\":{\"@type\":\"EntryPoint\",\"urlTemplate\":\"https:\/\/magnatgroup.lv\/lv\/?s={search_term_string}\"},\"query-input\":{\"@type\":\"PropertyValueSpecification\",\"valueRequired\":true,\"valueName\":\"search_term_string\"}}],\"inLanguage\":\"lv-LV\"}]}<\/script>\n<!-- \/ Yoast SEO plugin. -->","yoast_head_json":{"title":"Konfidencialit\u0101tes politika - Magnat Group","robots":{"index":"noindex","follow":"follow","max-snippet":"max-snippet:-1","max-image-preview":"max-image-preview:large","max-video-preview":"max-video-preview:-1"},"og_locale":"lv_LV","og_type":"article","og_title":"Konfidencialit\u0101tes politika - Magnat Group","og_description":"Konfidencialit\u0101tes politika S\u012bkfails ir neliela burtu un ciparu datne, ko m\u0113s saglab\u0101jam j\u016bsu p\u0101rl\u016bkprogramm\u0101 vai j\u016bsu datora cietaj\u0101 disk\u0101, ja j\u016bs tam piekr\u012btat. S\u012bkfaili satur inform\u0101ciju, kas tiek p\u0101rs\u016bt\u012bta uz j\u016bsu datora cieto disku. M\u0113s izmantojam Google analytics\/ veiktsp\u0113jas s\u012bkfailus; tie \u013cauj mums atpaz\u012bt un saskait\u012bt apmekl\u0113t\u0101ju skaitu un redz\u0113t, k\u0101 apmekl\u0113t\u0101ji p\u0101rvietojas m\u016bsu t\u012bmek\u013ca [&hellip;]","og_url":"https:\/\/magnatgroup.lv\/lv\/konfidencialitates-politika\/","og_site_name":"Magnat Group","article_modified_time":"2024-10-07T10:43:17+00:00","twitter_card":"summary_large_image","twitter_misc":{"Est. reading time":"2 minutes"},"schema":{"@context":"https:\/\/schema.org","@graph":[{"@type":"WebPage","@id":"https:\/\/magnatgroup.lv\/lv\/konfidencialitates-politika\/","url":"https:\/\/magnatgroup.lv\/lv\/konfidencialitates-politika\/","name":"Konfidencialit\u0101tes politika - Magnat Group","isPartOf":{"@id":"https:\/\/magnatgroup.lv\/lv\/#website"},"datePublished":"2024-09-24T07:29:02+00:00","dateModified":"2024-10-07T10:43:17+00:00","breadcrumb":{"@id":"https:\/\/magnatgroup.lv\/lv\/konfidencialitates-politika\/#breadcrumb"},"inLanguage":"lv-LV","potentialAction":[{"@type":"ReadAction","target":["https:\/\/magnatgroup.lv\/lv\/konfidencialitates-politika\/"]}]},{"@type":"BreadcrumbList","@id":"https:\/\/magnatgroup.lv\/lv\/konfidencialitates-politika\/#breadcrumb","itemListElement":[{"@type":"ListItem","position":1,"name":"Home","item":"https:\/\/magnatgroup.lv\/lv\/"},{"@type":"ListItem","position":2,"name":"Konfidencialit\u0101tes politika"}]},{"@type":"WebSite","@id":"https:\/\/magnatgroup.lv\/lv\/#website","url":"https:\/\/magnatgroup.lv\/lv\/","name":"Magnat Group","description":"","potentialAction":[{"@type":"SearchAction","target":{"@type":"EntryPoint","urlTemplate":"https:\/\/magnatgroup.lv\/lv\/?s={search_term_string}"},"query-input":{"@type":"PropertyValueSpecification","valueRequired":true,"valueName":"search_term_string"}}],"inLanguage":"lv-LV"}]}},"_links":{"self":[{"href":"https:\/\/magnatgroup.lv\/lv\/wp-json\/wp\/v2\/pages\/1406","targetHints":{"allow":["GET"]}}],"collection":[{"href":"https:\/\/magnatgroup.lv\/lv\/wp-json\/wp\/v2\/pages"}],"about":[{"href":"https:\/\/magnatgroup.lv\/lv\/wp-json\/wp\/v2\/types\/page"}],"author":[{"embeddable":true,"href":"https:\/\/magnatgroup.lv\/lv\/wp-json\/wp\/v2\/users\/1"}],"replies":[{"embeddable":true,"href":"https:\/\/magnatgroup.lv\/lv\/wp-json\/wp\/v2\/comments?post=1406"}],"version-history":[{"count":1,"href":"https:\/\/magnatgroup.lv\/lv\/wp-json\/wp\/v2\/pages\/1406\/revisions"}],"predecessor-version":[{"id":1407,"href":"https:\/\/magnatgroup.lv\/lv\/wp-json\/wp\/v2\/pages\/1406\/revisions\/1407"}],"wp:attachment":[{"href":"https:\/\/magnatgroup.lv\/lv\/wp-json\/wp\/v2\/media?parent=1406"}],"curies":[{"name":"wp","href":"https:\/\/api.w.org\/{rel}","templated":true}]}}