{"id":1408,"date":"2024-09-09T10:53:33","date_gmt":"2024-09-09T10:53:33","guid":{"rendered":"https:\/\/magnatgroup.lv\/terminali-rigas-osta\/"},"modified":"2024-11-22T13:35:53","modified_gmt":"2024-11-22T13:35:53","slug":"terminali-rigas-osta","status":"publish","type":"page","link":"https:\/\/magnatgroup.lv\/lv\/terminali-rigas-osta\/","title":{"rendered":"Termin\u0101\u013ci R\u012bgas ost\u0101"},"content":{"rendered":"\t\t<div data-elementor-type=\"wp-page\" data-elementor-id=\"1408\" class=\"elementor elementor-1408 elementor-90\" data-elementor-post-type=\"page\">\n\t\t\t\t<div class=\"elementor-element elementor-element-5f4fac9d e-flex e-con-boxed e-con e-parent\" data-id=\"5f4fac9d\" data-element_type=\"container\" data-settings=\"{&quot;background_background&quot;:&quot;classic&quot;}\">\n\t\t\t\t\t<div class=\"e-con-inner\">\n\t\t<div class=\"elementor-element elementor-element-26cb4413 e-flex e-con-boxed e-con e-child\" data-id=\"26cb4413\" data-element_type=\"container\">\n\t\t\t\t\t<div class=\"e-con-inner\">\n\t\t\t\t<div class=\"elementor-element elementor-element-42e86a5a elementor-invisible elementor-widget elementor-widget-heading\" data-id=\"42e86a5a\" data-element_type=\"widget\" data-settings=\"{&quot;_animation&quot;:&quot;fadeInUp&quot;}\" data-widget_type=\"heading.default\">\n\t\t\t\t<div class=\"elementor-widget-container\">\n\t\t\t<h1 class=\"elementor-heading-title elementor-size-default\">Termin\u0101\u013ci R\u012bgas ost\u0101<\/h1>\t\t<\/div>\n\t\t\t\t<\/div>\n\t\t\t\t\t<\/div>\n\t\t\t\t<\/div>\n\t\t\t\t\t<\/div>\n\t\t\t\t<\/div>\n\t\t<div class=\"elementor-element elementor-element-84195bd e-flex e-con-boxed e-con e-parent\" data-id=\"84195bd\" data-element_type=\"container\">\n\t\t\t\t\t<div class=\"e-con-inner\">\n\t\t<div class=\"elementor-element elementor-element-af6dc18 e-con-full e-flex elementor-invisible e-con e-child\" data-id=\"af6dc18\" data-element_type=\"container\" data-settings=\"{&quot;animation&quot;:&quot;fadeIn&quot;,&quot;animation_delay&quot;:200}\">\n\t\t\t\t<div class=\"elementor-element elementor-element-7f3346a elementor-widget elementor-widget-heading\" data-id=\"7f3346a\" data-element_type=\"widget\" data-widget_type=\"heading.default\">\n\t\t\t\t<div class=\"elementor-widget-container\">\n\t\t\t<h2 class=\"elementor-heading-title elementor-size-default\">Pag\u0101tnes pieredze, n\u0101kotnes ener\u0123ija!<\/h2>\t\t<\/div>\n\t\t\t\t<\/div>\n\t\t\t\t<div class=\"elementor-element elementor-element-c72f4e2 elementor-widget elementor-widget-text-editor\" data-id=\"c72f4e2\" data-element_type=\"widget\" data-widget_type=\"text-editor.default\">\n\t\t\t\t<div class=\"elementor-widget-container\">\n\t\t\t\t\t\t\t<p><span style=\"font-weight: 400;\">Kop\u0161 1992. gada \u2013 Magnat Group R\u012bgas br\u012bvostas teritorij\u0101 pak\u0101peniski ir p\u0101r\u0146\u0113musi, uzb\u016bv\u0113jusi un pilnveidojusi tr\u012bs noz\u012bm\u012bgus kravas termin\u0101\u013cus:<\/span><\/p>\n<ul>\n<li>Port Magnat<\/li>\n<li>Port M\u012blgr\u0101vis<\/li>\n<li>Riga Nordic Terminal<\/li>\n<\/ul>\n\t\t\t\t\t\t<\/div>\n\t\t\t\t<\/div>\n\t\t\t\t<div class=\"elementor-element elementor-element-ecc03a2 elementor-widget elementor-widget-text-editor\" data-id=\"ecc03a2\" data-element_type=\"widget\" data-widget_type=\"text-editor.default\">\n\t\t\t\t<div class=\"elementor-widget-container\">\n\t\t\t\t\t\t\t<p><span style=\"font-weight: 400;\">\u0160ie termin\u0101\u013ci ir svar\u012bgs R\u012bgas ostas infrastrukt\u016bras elements.<br \/>\nKopum\u0101 \u0161ajos termin\u0101\u013cos ik gadu tiek p\u0101rkrauti aptuveni 2 miljoni tonnu kravu, kas tiek nos\u016bt\u012btas uz vair\u0101k nek\u0101 20 pasaules valst\u012bm. <\/span><\/p>\n<p><span style=\"font-weight: 400;\">\u0145emot v\u0113r\u0101 termin\u0101\u013cu atra\u0161an\u0101s vietu pils\u0113t\u0101, \u012bpa\u0161a uzman\u012bba tiek piev\u0113rsta vides aizsardz\u012bbai un ilgtsp\u0113j\u012bgai att\u012bst\u012bbai, blakus eso\u0161o dz\u012bvojamo rajonu dro\u0161\u012bbai un to iedz\u012bvot\u0101ju labkl\u0101j\u012bbai.<br \/>\nVisi termin\u0101\u013ci ir moderniz\u0113ti un atbilst vis\u0101m Latvijas, Eiropas un starptautiskaj\u0101m pras\u012bb\u0101m, nodro\u0161inot efekt\u012bvu un dro\u0161u kravu apstr\u0101di. <\/span><\/p>\n\t\t\t\t\t\t<\/div>\n\t\t\t\t<\/div>\n\t\t\t\t<\/div>\n\t\t\t\t\t<\/div>\n\t\t\t\t<\/div>\n\t\t<div class=\"elementor-element elementor-element-6760797 e-flex e-con-boxed e-con e-parent\" data-id=\"6760797\" data-element_type=\"container\" data-settings=\"{&quot;background_background&quot;:&quot;classic&quot;}\">\n\t\t\t\t\t<div class=\"e-con-inner\">\n\t\t<div class=\"elementor-element elementor-element-10a2fb0 e-grid e-con-full elementor-invisible e-con e-child\" data-id=\"10a2fb0\" data-element_type=\"container\" data-settings=\"{&quot;animation&quot;:&quot;fadeIn&quot;,&quot;animation_delay&quot;:200}\">\n\t\t<div class=\"elementor-element elementor-element-3498ec8 e-flex e-con-boxed e-con e-child\" data-id=\"3498ec8\" data-element_type=\"container\" data-settings=\"{&quot;background_background&quot;:&quot;classic&quot;}\">\n\t\t\t\t\t<div class=\"e-con-inner\">\n\t\t\t\t<div class=\"elementor-element elementor-element-8d5a855 elementor-widget elementor-widget-image\" data-id=\"8d5a855\" data-element_type=\"widget\" data-widget_type=\"image.default\">\n\t\t\t\t<div class=\"elementor-widget-container\">\n\t\t\t\t\t\t\t\t\t\t\t\t\t<img fetchpriority=\"high\" decoding=\"async\" width=\"2249\" height=\"959\" src=\"https:\/\/magnatgroup.lv\/wp-content\/uploads\/2024\/09\/DJI_0377-2-scaled-e1726475171992.jpg\" class=\"attachment-full size-full wp-image-1110\" alt=\"\" srcset=\"https:\/\/magnatgroup.lv\/wp-content\/uploads\/2024\/09\/DJI_0377-2-scaled-e1726475171992.jpg 2249w, https:\/\/magnatgroup.lv\/wp-content\/uploads\/2024\/09\/DJI_0377-2-scaled-e1726475171992-300x128.jpg 300w, https:\/\/magnatgroup.lv\/wp-content\/uploads\/2024\/09\/DJI_0377-2-scaled-e1726475171992-1024x437.jpg 1024w, https:\/\/magnatgroup.lv\/wp-content\/uploads\/2024\/09\/DJI_0377-2-scaled-e1726475171992-768x327.jpg 768w, https:\/\/magnatgroup.lv\/wp-content\/uploads\/2024\/09\/DJI_0377-2-scaled-e1726475171992-1536x655.jpg 1536w, https:\/\/magnatgroup.lv\/wp-content\/uploads\/2024\/09\/DJI_0377-2-scaled-e1726475171992-2048x873.jpg 2048w\" sizes=\"(max-width: 2249px) 100vw, 2249px\" \/>\t\t\t\t\t\t\t\t\t\t\t\t\t<\/div>\n\t\t\t\t<\/div>\n\t\t<div class=\"elementor-element elementor-element-4e4fb5e e-flex e-con-boxed e-con e-child\" data-id=\"4e4fb5e\" data-element_type=\"container\">\n\t\t\t\t\t<div class=\"e-con-inner\">\n\t\t\t\t<div class=\"elementor-element elementor-element-884dee9 elementor-view-stacked elementor-shape-circle elementor-position-top elementor-mobile-position-top elementor-widget elementor-widget-icon-box\" data-id=\"884dee9\" data-element_type=\"widget\" data-widget_type=\"icon-box.default\">\n\t\t\t\t<div class=\"elementor-widget-container\">\n\t\t\t\t\t<div class=\"elementor-icon-box-wrapper\">\n\n\t\t\t\t\t\t<div class=\"elementor-icon-box-icon\">\n\t\t\t\t<span  class=\"elementor-icon elementor-animation-\">\n\t\t\t\t<svg xmlns=\"http:\/\/www.w3.org\/2000\/svg\" id=\"Capa_1\" height=\"512\" viewBox=\"0 0 512 512\" width=\"512\"><g><path d=\"m0 414.36h512v-30h-53.058c34.71-50.193 53.057-108.98 53.057-170.007v-19.685h-97.108l-30.003 33.29h-28.328v-60.004h-30.002v-60.004h-121.889v60.003h-30.002v60.004h-30.004v-81.625h-34.668v-54.667h19.668v-30h-59.671v-24.028h-30v24.028h-39.992zm398.236-156.403 30.002-33.29h53.566c-1.938 51.199-18.274 100.317-47.544 142.639l-11.794 17.053h-392.476v-126.402zm-163.567-120.007h61.889v30.003h-61.889zm-30.002 60.003h121.893v30.004h-121.893zm-174.677-106.288h50.005v54.667h-50.005zm0 84.668h84.673v51.625h-84.673z\"><\/path><path d=\"m36 444.363h440v30h-440z\"><\/path><path d=\"m241 307.687h30v30.002h-30z\"><\/path><path d=\"m301.004 307.687h30v30.002h-30z\"><\/path><path d=\"m180.996 307.687h30v30.002h-30z\"><\/path><path d=\"m120.992 307.687h30v30.002h-30z\"><\/path><\/g><\/svg>\t\t\t\t<\/span>\n\t\t\t<\/div>\n\t\t\t\n\t\t\t\t\t\t<div class=\"elementor-icon-box-content\">\n\n\t\t\t\t\t\t\t\t\t<div class=\"elementor-icon-box-title\">\n\t\t\t\t\t\t<span  >\n\t\t\t\t\t\t\tPort Milgr\u0101vis\t\t\t\t\t\t<\/span>\n\t\t\t\t\t<\/div>\n\t\t\t\t\n\t\t\t\t\n\t\t\t<\/div>\n\t\t\t\n\t\t<\/div>\n\t\t\t\t<\/div>\n\t\t\t\t<\/div>\n\t\t\t\t<div class=\"elementor-element elementor-element-f327ec6 elementor-widget elementor-widget-button\" data-id=\"f327ec6\" data-element_type=\"widget\" data-widget_type=\"button.default\">\n\t\t\t\t<div class=\"elementor-widget-container\">\n\t\t\t\t\t<div class=\"elementor-button-wrapper\">\n\t\t\t<a class=\"elementor-button elementor-button-link elementor-size-sm\" href=\"\/lv\/port-milgravis\/\">\n\t\t\t\t\t\t<span class=\"elementor-button-content-wrapper\">\n\t\t\t\t\t\t\t\t\t<span class=\"elementor-button-text\">Las\u012bt vair\u0101k<\/span>\n\t\t\t\t\t<\/span>\n\t\t\t\t\t<\/a>\n\t\t<\/div>\n\t\t\t\t<\/div>\n\t\t\t\t<\/div>\n\t\t\t\t\t<\/div>\n\t\t\t\t<\/div>\n\t\t\t\t\t<\/div>\n\t\t\t\t<\/div>\n\t\t<div class=\"elementor-element elementor-element-6395743 e-flex e-con-boxed e-con e-child\" data-id=\"6395743\" data-element_type=\"container\" data-settings=\"{&quot;background_background&quot;:&quot;classic&quot;}\">\n\t\t\t\t\t<div class=\"e-con-inner\">\n\t\t\t\t<div class=\"elementor-element elementor-element-23a2a76 elementor-widget elementor-widget-image\" data-id=\"23a2a76\" data-element_type=\"widget\" data-widget_type=\"image.default\">\n\t\t\t\t<div class=\"elementor-widget-container\">\n\t\t\t\t\t\t\t\t\t\t\t\t\t<img decoding=\"async\" width=\"1920\" height=\"854\" src=\"https:\/\/magnatgroup.lv\/wp-content\/uploads\/2024\/09\/DJI_0416-scaled-e1726475389268.jpg\" class=\"attachment-full size-full wp-image-1112\" alt=\"\" srcset=\"https:\/\/magnatgroup.lv\/wp-content\/uploads\/2024\/09\/DJI_0416-scaled-e1726475389268.jpg 1920w, https:\/\/magnatgroup.lv\/wp-content\/uploads\/2024\/09\/DJI_0416-scaled-e1726475389268-300x133.jpg 300w, https:\/\/magnatgroup.lv\/wp-content\/uploads\/2024\/09\/DJI_0416-scaled-e1726475389268-1024x455.jpg 1024w, https:\/\/magnatgroup.lv\/wp-content\/uploads\/2024\/09\/DJI_0416-scaled-e1726475389268-768x342.jpg 768w, https:\/\/magnatgroup.lv\/wp-content\/uploads\/2024\/09\/DJI_0416-scaled-e1726475389268-1536x683.jpg 1536w\" sizes=\"(max-width: 1920px) 100vw, 1920px\" \/>\t\t\t\t\t\t\t\t\t\t\t\t\t<\/div>\n\t\t\t\t<\/div>\n\t\t<div class=\"elementor-element elementor-element-11b94aa e-flex e-con-boxed e-con e-child\" data-id=\"11b94aa\" data-element_type=\"container\">\n\t\t\t\t\t<div class=\"e-con-inner\">\n\t\t\t\t<div class=\"elementor-element elementor-element-26aea02 elementor-view-stacked elementor-shape-circle elementor-position-top elementor-mobile-position-top elementor-widget elementor-widget-icon-box\" data-id=\"26aea02\" data-element_type=\"widget\" data-widget_type=\"icon-box.default\">\n\t\t\t\t<div class=\"elementor-widget-container\">\n\t\t\t\t\t<div class=\"elementor-icon-box-wrapper\">\n\n\t\t\t\t\t\t<div class=\"elementor-icon-box-icon\">\n\t\t\t\t<span  class=\"elementor-icon elementor-animation-\">\n\t\t\t\t<svg xmlns=\"http:\/\/www.w3.org\/2000\/svg\" id=\"Capa_1\" height=\"512\" viewBox=\"0 0 512 512\" width=\"512\"><g><path d=\"m0 414.36h512v-30h-53.058c34.71-50.193 53.057-108.98 53.057-170.007v-19.685h-97.108l-30.003 33.29h-28.328v-60.004h-30.002v-60.004h-121.889v60.003h-30.002v60.004h-30.004v-81.625h-34.668v-54.667h19.668v-30h-59.671v-24.028h-30v24.028h-39.992zm398.236-156.403 30.002-33.29h53.566c-1.938 51.199-18.274 100.317-47.544 142.639l-11.794 17.053h-392.476v-126.402zm-163.567-120.007h61.889v30.003h-61.889zm-30.002 60.003h121.893v30.004h-121.893zm-174.677-106.288h50.005v54.667h-50.005zm0 84.668h84.673v51.625h-84.673z\"><\/path><path d=\"m36 444.363h440v30h-440z\"><\/path><path d=\"m241 307.687h30v30.002h-30z\"><\/path><path d=\"m301.004 307.687h30v30.002h-30z\"><\/path><path d=\"m180.996 307.687h30v30.002h-30z\"><\/path><path d=\"m120.992 307.687h30v30.002h-30z\"><\/path><\/g><\/svg>\t\t\t\t<\/span>\n\t\t\t<\/div>\n\t\t\t\n\t\t\t\t\t\t<div class=\"elementor-icon-box-content\">\n\n\t\t\t\t\t\t\t\t\t<div class=\"elementor-icon-box-title\">\n\t\t\t\t\t\t<span  >\n\t\t\t\t\t\t\tRiga Nordic Terminal \t\t\t\t\t\t<\/span>\n\t\t\t\t\t<\/div>\n\t\t\t\t\n\t\t\t\t\n\t\t\t<\/div>\n\t\t\t\n\t\t<\/div>\n\t\t\t\t<\/div>\n\t\t\t\t<\/div>\n\t\t\t\t<div class=\"elementor-element elementor-element-34054a0 elementor-widget elementor-widget-button\" data-id=\"34054a0\" data-element_type=\"widget\" data-widget_type=\"button.default\">\n\t\t\t\t<div class=\"elementor-widget-container\">\n\t\t\t\t\t<div class=\"elementor-button-wrapper\">\n\t\t\t<a class=\"elementor-button elementor-button-link elementor-size-sm\" href=\"\/lv\/riga-nordic-terminal\/\">\n\t\t\t\t\t\t<span class=\"elementor-button-content-wrapper\">\n\t\t\t\t\t\t\t\t\t<span class=\"elementor-button-text\">Las\u012bt vair\u0101k<\/span>\n\t\t\t\t\t<\/span>\n\t\t\t\t\t<\/a>\n\t\t<\/div>\n\t\t\t\t<\/div>\n\t\t\t\t<\/div>\n\t\t\t\t\t<\/div>\n\t\t\t\t<\/div>\n\t\t\t\t\t<\/div>\n\t\t\t\t<\/div>\n\t\t<div class=\"elementor-element elementor-element-0b11b83 e-flex e-con-boxed e-con e-child\" data-id=\"0b11b83\" data-element_type=\"container\" data-settings=\"{&quot;background_background&quot;:&quot;classic&quot;}\">\n\t\t\t\t\t<div class=\"e-con-inner\">\n\t\t\t\t<div class=\"elementor-element elementor-element-fbd9158 elementor-widget elementor-widget-image\" data-id=\"fbd9158\" data-element_type=\"widget\" data-widget_type=\"image.default\">\n\t\t\t\t<div class=\"elementor-widget-container\">\n\t\t\t\t\t\t\t\t\t\t\t\t\t<img decoding=\"async\" width=\"2560\" height=\"1502\" src=\"https:\/\/magnatgroup.lv\/wp-content\/uploads\/2024\/09\/DJI_0628-scaled.jpg\" class=\"attachment-full size-full wp-image-1102\" alt=\"\" srcset=\"https:\/\/magnatgroup.lv\/wp-content\/uploads\/2024\/09\/DJI_0628-scaled.jpg 2560w, https:\/\/magnatgroup.lv\/wp-content\/uploads\/2024\/09\/DJI_0628-300x176.jpg 300w, https:\/\/magnatgroup.lv\/wp-content\/uploads\/2024\/09\/DJI_0628-1024x601.jpg 1024w, https:\/\/magnatgroup.lv\/wp-content\/uploads\/2024\/09\/DJI_0628-768x451.jpg 768w, https:\/\/magnatgroup.lv\/wp-content\/uploads\/2024\/09\/DJI_0628-1536x901.jpg 1536w, https:\/\/magnatgroup.lv\/wp-content\/uploads\/2024\/09\/DJI_0628-2048x1202.jpg 2048w\" sizes=\"(max-width: 2560px) 100vw, 2560px\" \/>\t\t\t\t\t\t\t\t\t\t\t\t\t<\/div>\n\t\t\t\t<\/div>\n\t\t<div class=\"elementor-element elementor-element-ee4f6c3 e-flex e-con-boxed e-con e-child\" data-id=\"ee4f6c3\" data-element_type=\"container\">\n\t\t\t\t\t<div class=\"e-con-inner\">\n\t\t\t\t<div class=\"elementor-element elementor-element-07048e2 elementor-view-stacked elementor-shape-circle elementor-position-top elementor-mobile-position-top elementor-widget elementor-widget-icon-box\" data-id=\"07048e2\" data-element_type=\"widget\" data-widget_type=\"icon-box.default\">\n\t\t\t\t<div class=\"elementor-widget-container\">\n\t\t\t\t\t<div class=\"elementor-icon-box-wrapper\">\n\n\t\t\t\t\t\t<div class=\"elementor-icon-box-icon\">\n\t\t\t\t<span  class=\"elementor-icon elementor-animation-\">\n\t\t\t\t<svg xmlns=\"http:\/\/www.w3.org\/2000\/svg\" id=\"Capa_1\" height=\"512\" viewBox=\"0 0 512 512\" width=\"512\"><g><path d=\"m0 414.36h512v-30h-53.058c34.71-50.193 53.057-108.98 53.057-170.007v-19.685h-97.108l-30.003 33.29h-28.328v-60.004h-30.002v-60.004h-121.889v60.003h-30.002v60.004h-30.004v-81.625h-34.668v-54.667h19.668v-30h-59.671v-24.028h-30v24.028h-39.992zm398.236-156.403 30.002-33.29h53.566c-1.938 51.199-18.274 100.317-47.544 142.639l-11.794 17.053h-392.476v-126.402zm-163.567-120.007h61.889v30.003h-61.889zm-30.002 60.003h121.893v30.004h-121.893zm-174.677-106.288h50.005v54.667h-50.005zm0 84.668h84.673v51.625h-84.673z\"><\/path><path d=\"m36 444.363h440v30h-440z\"><\/path><path d=\"m241 307.687h30v30.002h-30z\"><\/path><path d=\"m301.004 307.687h30v30.002h-30z\"><\/path><path d=\"m180.996 307.687h30v30.002h-30z\"><\/path><path d=\"m120.992 307.687h30v30.002h-30z\"><\/path><\/g><\/svg>\t\t\t\t<\/span>\n\t\t\t<\/div>\n\t\t\t\n\t\t\t\t\t\t<div class=\"elementor-icon-box-content\">\n\n\t\t\t\t\t\t\t\t\t<div class=\"elementor-icon-box-title\">\n\t\t\t\t\t\t<span  >\n\t\t\t\t\t\t\tPort Magnat\t\t\t\t\t\t<\/span>\n\t\t\t\t\t<\/div>\n\t\t\t\t\n\t\t\t\t\n\t\t\t<\/div>\n\t\t\t\n\t\t<\/div>\n\t\t\t\t<\/div>\n\t\t\t\t<\/div>\n\t\t\t\t<div class=\"elementor-element elementor-element-8f24ecc elementor-widget elementor-widget-button\" data-id=\"8f24ecc\" data-element_type=\"widget\" data-widget_type=\"button.default\">\n\t\t\t\t<div class=\"elementor-widget-container\">\n\t\t\t\t\t<div class=\"elementor-button-wrapper\">\n\t\t\t<a class=\"elementor-button elementor-button-link elementor-size-sm\" href=\"\/lv\/port-magnat\/\">\n\t\t\t\t\t\t<span class=\"elementor-button-content-wrapper\">\n\t\t\t\t\t\t\t\t\t<span class=\"elementor-button-text\">Las\u012bt vair\u0101k<\/span>\n\t\t\t\t\t<\/span>\n\t\t\t\t\t<\/a>\n\t\t<\/div>\n\t\t\t\t<\/div>\n\t\t\t\t<\/div>\n\t\t\t\t\t<\/div>\n\t\t\t\t<\/div>\n\t\t\t\t\t<\/div>\n\t\t\t\t<\/div>\n\t\t\t\t<\/div>\n\t\t\t\t\t<\/div>\n\t\t\t\t<\/div>\n\t\t\t\t<\/div>\n\t\t","protected":false},"excerpt":{"rendered":"<p>Pag\u0101tnes pieredze, n\u0101kotnes ener\u0123ija! Kop\u0161 1992. gada \u2013 Magnat Group R\u012bgas br\u012bvostas teritorij\u0101 pak\u0101peniski ir p\u0101r\u0146\u0113musi, uzb\u016bv\u0113jusi un pilnveidojusi tr\u012bs noz\u012bm\u012bgus kravas termin\u0101\u013cus: Port Magnat Port M\u012blgr\u0101vis Riga Nordic Terminal \u0160ie termin\u0101\u013ci ir svar\u012bgs R\u012bgas ostas infrastrukt\u016bras elements. Kopum\u0101 \u0161ajos termin\u0101\u013cos ik gadu tiek p\u0101rkrauti aptuveni 2 miljoni tonnu kravu, kas tiek nos\u016bt\u012btas uz vair\u0101k [&hellip;]<\/p>\n","protected":false},"author":1,"featured_media":0,"parent":0,"menu_order":0,"comment_status":"closed","ping_status":"closed","template":"elementor_header_footer","meta":{"footnotes":""},"class_list":["post-1408","page","type-page","status-publish","hentry"],"yoast_head":"<!-- This site is optimized with the Yoast SEO plugin v23.8 - https:\/\/yoast.com\/wordpress\/plugins\/seo\/ -->\n<title>Termin\u0101\u013ci R\u012bgas ost\u0101 - Magnat Group<\/title>\n<meta name=\"description\" content=\"Port Magnat. Port M\u012blgr\u0101vis. Riga Nordic Terminal.\" \/>\n<meta name=\"robots\" content=\"noindex, follow, max-snippet:-1, max-image-preview:large, max-video-preview:-1\" \/>\n<meta property=\"og:locale\" content=\"lv_LV\" \/>\n<meta property=\"og:type\" content=\"article\" \/>\n<meta property=\"og:title\" content=\"Termin\u0101\u013ci R\u012bgas ost\u0101 - Magnat Group\" \/>\n<meta property=\"og:description\" content=\"Port Magnat. Port M\u012blgr\u0101vis. Riga Nordic Terminal.\" \/>\n<meta property=\"og:url\" content=\"https:\/\/magnatgroup.lv\/lv\/terminali-rigas-osta\/\" \/>\n<meta property=\"og:site_name\" content=\"Magnat Group\" \/>\n<meta property=\"article:modified_time\" content=\"2024-11-22T13:35:53+00:00\" \/>\n<meta property=\"og:image\" content=\"https:\/\/magnatgroup.lv\/wp-content\/uploads\/2024\/09\/DJI_0377-2-scaled-e1726475171992.jpg\" \/>\n<meta name=\"twitter:card\" content=\"summary_large_image\" \/>\n<meta name=\"twitter:label1\" content=\"Est. reading time\" \/>\n\t<meta name=\"twitter:data1\" content=\"2 minutes\" \/>\n<script type=\"application\/ld+json\" class=\"yoast-schema-graph\">{\"@context\":\"https:\/\/schema.org\",\"@graph\":[{\"@type\":\"WebPage\",\"@id\":\"https:\/\/magnatgroup.lv\/lv\/terminali-rigas-osta\/\",\"url\":\"https:\/\/magnatgroup.lv\/lv\/terminali-rigas-osta\/\",\"name\":\"Termin\u0101\u013ci R\u012bgas ost\u0101 - Magnat Group\",\"isPartOf\":{\"@id\":\"https:\/\/magnatgroup.lv\/lv\/#website\"},\"primaryImageOfPage\":{\"@id\":\"https:\/\/magnatgroup.lv\/lv\/terminali-rigas-osta\/#primaryimage\"},\"image\":{\"@id\":\"https:\/\/magnatgroup.lv\/lv\/terminali-rigas-osta\/#primaryimage\"},\"thumbnailUrl\":\"https:\/\/magnatgroup.lv\/wp-content\/uploads\/2024\/09\/DJI_0377-2-scaled-e1726475171992.jpg\",\"datePublished\":\"2024-09-09T10:53:33+00:00\",\"dateModified\":\"2024-11-22T13:35:53+00:00\",\"description\":\"Port Magnat. Port M\u012blgr\u0101vis. Riga Nordic Terminal.\",\"breadcrumb\":{\"@id\":\"https:\/\/magnatgroup.lv\/lv\/terminali-rigas-osta\/#breadcrumb\"},\"inLanguage\":\"lv-LV\",\"potentialAction\":[{\"@type\":\"ReadAction\",\"target\":[\"https:\/\/magnatgroup.lv\/lv\/terminali-rigas-osta\/\"]}]},{\"@type\":\"ImageObject\",\"inLanguage\":\"lv-LV\",\"@id\":\"https:\/\/magnatgroup.lv\/lv\/terminali-rigas-osta\/#primaryimage\",\"url\":\"https:\/\/magnatgroup.lv\/wp-content\/uploads\/2024\/09\/DJI_0377-2-scaled-e1726475171992.jpg\",\"contentUrl\":\"https:\/\/magnatgroup.lv\/wp-content\/uploads\/2024\/09\/DJI_0377-2-scaled-e1726475171992.jpg\"},{\"@type\":\"BreadcrumbList\",\"@id\":\"https:\/\/magnatgroup.lv\/lv\/terminali-rigas-osta\/#breadcrumb\",\"itemListElement\":[{\"@type\":\"ListItem\",\"position\":1,\"name\":\"Home\",\"item\":\"https:\/\/magnatgroup.lv\/lv\/\"},{\"@type\":\"ListItem\",\"position\":2,\"name\":\"Termin\u0101\u013ci R\u012bgas ost\u0101\"}]},{\"@type\":\"WebSite\",\"@id\":\"https:\/\/magnatgroup.lv\/lv\/#website\",\"url\":\"https:\/\/magnatgroup.lv\/lv\/\",\"name\":\"Magnat Group\",\"description\":\"\",\"potentialAction\":[{\"@type\":\"SearchAction\",\"target\":{\"@type\":\"EntryPoint\",\"urlTemplate\":\"https:\/\/magnatgroup.lv\/lv\/?s={search_term_string}\"},\"query-input\":{\"@type\":\"PropertyValueSpecification\",\"valueRequired\":true,\"valueName\":\"search_term_string\"}}],\"inLanguage\":\"lv-LV\"}]}<\/script>\n<!-- \/ Yoast SEO plugin. -->","yoast_head_json":{"title":"Termin\u0101\u013ci R\u012bgas ost\u0101 - Magnat Group","description":"Port Magnat. Port M\u012blgr\u0101vis. Riga Nordic Terminal.","robots":{"index":"noindex","follow":"follow","max-snippet":"max-snippet:-1","max-image-preview":"max-image-preview:large","max-video-preview":"max-video-preview:-1"},"og_locale":"lv_LV","og_type":"article","og_title":"Termin\u0101\u013ci R\u012bgas ost\u0101 - Magnat Group","og_description":"Port Magnat. Port M\u012blgr\u0101vis. Riga Nordic Terminal.","og_url":"https:\/\/magnatgroup.lv\/lv\/terminali-rigas-osta\/","og_site_name":"Magnat Group","article_modified_time":"2024-11-22T13:35:53+00:00","og_image":[{"url":"https:\/\/magnatgroup.lv\/wp-content\/uploads\/2024\/09\/DJI_0377-2-scaled-e1726475171992.jpg"}],"twitter_card":"summary_large_image","twitter_misc":{"Est. reading time":"2 minutes"},"schema":{"@context":"https:\/\/schema.org","@graph":[{"@type":"WebPage","@id":"https:\/\/magnatgroup.lv\/lv\/terminali-rigas-osta\/","url":"https:\/\/magnatgroup.lv\/lv\/terminali-rigas-osta\/","name":"Termin\u0101\u013ci R\u012bgas ost\u0101 - Magnat Group","isPartOf":{"@id":"https:\/\/magnatgroup.lv\/lv\/#website"},"primaryImageOfPage":{"@id":"https:\/\/magnatgroup.lv\/lv\/terminali-rigas-osta\/#primaryimage"},"image":{"@id":"https:\/\/magnatgroup.lv\/lv\/terminali-rigas-osta\/#primaryimage"},"thumbnailUrl":"https:\/\/magnatgroup.lv\/wp-content\/uploads\/2024\/09\/DJI_0377-2-scaled-e1726475171992.jpg","datePublished":"2024-09-09T10:53:33+00:00","dateModified":"2024-11-22T13:35:53+00:00","description":"Port Magnat. Port M\u012blgr\u0101vis. Riga Nordic Terminal.","breadcrumb":{"@id":"https:\/\/magnatgroup.lv\/lv\/terminali-rigas-osta\/#breadcrumb"},"inLanguage":"lv-LV","potentialAction":[{"@type":"ReadAction","target":["https:\/\/magnatgroup.lv\/lv\/terminali-rigas-osta\/"]}]},{"@type":"ImageObject","inLanguage":"lv-LV","@id":"https:\/\/magnatgroup.lv\/lv\/terminali-rigas-osta\/#primaryimage","url":"https:\/\/magnatgroup.lv\/wp-content\/uploads\/2024\/09\/DJI_0377-2-scaled-e1726475171992.jpg","contentUrl":"https:\/\/magnatgroup.lv\/wp-content\/uploads\/2024\/09\/DJI_0377-2-scaled-e1726475171992.jpg"},{"@type":"BreadcrumbList","@id":"https:\/\/magnatgroup.lv\/lv\/terminali-rigas-osta\/#breadcrumb","itemListElement":[{"@type":"ListItem","position":1,"name":"Home","item":"https:\/\/magnatgroup.lv\/lv\/"},{"@type":"ListItem","position":2,"name":"Termin\u0101\u013ci R\u012bgas ost\u0101"}]},{"@type":"WebSite","@id":"https:\/\/magnatgroup.lv\/lv\/#website","url":"https:\/\/magnatgroup.lv\/lv\/","name":"Magnat Group","description":"","potentialAction":[{"@type":"SearchAction","target":{"@type":"EntryPoint","urlTemplate":"https:\/\/magnatgroup.lv\/lv\/?s={search_term_string}"},"query-input":{"@type":"PropertyValueSpecification","valueRequired":true,"valueName":"search_term_string"}}],"inLanguage":"lv-LV"}]}},"_links":{"self":[{"href":"https:\/\/magnatgroup.lv\/lv\/wp-json\/wp\/v2\/pages\/1408","targetHints":{"allow":["GET"]}}],"collection":[{"href":"https:\/\/magnatgroup.lv\/lv\/wp-json\/wp\/v2\/pages"}],"about":[{"href":"https:\/\/magnatgroup.lv\/lv\/wp-json\/wp\/v2\/types\/page"}],"author":[{"embeddable":true,"href":"https:\/\/magnatgroup.lv\/lv\/wp-json\/wp\/v2\/users\/1"}],"replies":[{"embeddable":true,"href":"https:\/\/magnatgroup.lv\/lv\/wp-json\/wp\/v2\/comments?post=1408"}],"version-history":[{"count":11,"href":"https:\/\/magnatgroup.lv\/lv\/wp-json\/wp\/v2\/pages\/1408\/revisions"}],"predecessor-version":[{"id":1609,"href":"https:\/\/magnatgroup.lv\/lv\/wp-json\/wp\/v2\/pages\/1408\/revisions\/1609"}],"wp:attachment":[{"href":"https:\/\/magnatgroup.lv\/lv\/wp-json\/wp\/v2\/media?parent=1408"}],"curies":[{"name":"wp","href":"https:\/\/api.w.org\/{rel}","templated":true}]}}